{"id":2092,"date":"2023-11-03T08:37:36","date_gmt":"2023-11-03T07:37:36","guid":{"rendered":"https:\/\/seawell.com\/job\/"},"modified":"2025-10-22T14:26:35","modified_gmt":"2025-10-22T12:26:35","slug":"job","status":"publish","type":"page","link":"https:\/\/seawell.com\/da\/job\/","title":{"rendered":"Job"},"content":{"rendered":"\t\t<div data-elementor-type=\"wp-page\" data-elementor-id=\"2092\" class=\"elementor elementor-2092 elementor-801\" data-elementor-post-type=\"page\">\n\t\t\t\t<div class=\"elementor-element elementor-element-55d8b22 e-flex e-con-boxed e-con e-parent\" data-id=\"55d8b22\" data-element_type=\"container\" data-e-type=\"container\">\n\t\t\t\t\t<div class=\"e-con-inner\">\n\t\t<div class=\"elementor-element elementor-element-74a531a e-flex e-con-boxed e-con e-child\" data-id=\"74a531a\" data-element_type=\"container\" data-e-type=\"container\" data-settings=\"{&quot;background_background&quot;:&quot;classic&quot;}\">\n\t\t\t\t\t<div class=\"e-con-inner\">\n\t\t\t\t<div class=\"elementor-element elementor-element-2690bac elementor-widget-tablet__width-initial elementor-widget elementor-widget-heading\" data-id=\"2690bac\" data-element_type=\"widget\" data-e-type=\"widget\" data-widget_type=\"heading.default\">\n\t\t\t\t<div class=\"elementor-widget-container\">\n\t\t\t\t\t<h1 class=\"elementor-heading-title elementor-size-default\">Job hos os<\/h1>\t\t\t\t<\/div>\n\t\t\t\t<\/div>\n\t\t\t\t<div class=\"elementor-element elementor-element-5884f54 elementor-widget elementor-widget-text-editor\" data-id=\"5884f54\" data-element_type=\"widget\" data-e-type=\"widget\" data-widget_type=\"text-editor.default\">\n\t\t\t\t<div class=\"elementor-widget-container\">\n\t\t\t\t\t\t\t\t\t<p>Er du vores nye kollega?<\/p>\t\t\t\t\t\t\t\t<\/div>\n\t\t\t\t<\/div>\n\t\t\t\t\t<\/div>\n\t\t\t\t<\/div>\n\t\t\t\t\t<\/div>\n\t\t\t\t<\/div>\n\t\t<div class=\"elementor-element elementor-element-e62392c e-flex e-con-boxed e-con e-parent\" data-id=\"e62392c\" data-element_type=\"container\" data-e-type=\"container\">\n\t\t\t\t\t<div class=\"e-con-inner\">\n\t\t\t\t<div class=\"elementor-element elementor-element-5761f95 elementor-widget elementor-widget-heading\" data-id=\"5761f95\" data-element_type=\"widget\" data-e-type=\"widget\" data-widget_type=\"heading.default\">\n\t\t\t\t<div class=\"elementor-widget-container\">\n\t\t\t\t\t<h2 class=\"elementor-heading-title elementor-size-default\">Send os din ans\u00f8gning<\/h2>\t\t\t\t<\/div>\n\t\t\t\t<\/div>\n\t\t\t\t<div class=\"elementor-element elementor-element-0bf58df elementor-widget elementor-widget-text-editor\" data-id=\"0bf58df\" data-element_type=\"widget\" data-e-type=\"widget\" data-widget_type=\"text-editor.default\">\n\t\t\t\t<div class=\"elementor-widget-container\">\n\t\t\t\t\t\t\t\t\t<p>Br\u00e6nder du for at blive en del af en erfaren virksomhed i en sp\u00e6ndende branche?<\/p><p>Vi s\u00f8ger ofte nye kollegaer, og her p\u00e5 siden kan du se ledige stillinger p\u00e5 vores kontorer og fabrikker.<\/p><p>Du er ogs\u00e5 altid velkommen til at sende en uopfordret ans\u00f8gning. Ring til os p\u00e5 tlf. <span style=\"color: #006e3c;\"><a style=\"color: #006e3c;\" href=\"tel:97962100\">+45 97962100 <\/a><\/span>eller send en mail til <span style=\"color: #006e3c;\"><a style=\"color: #006e3c;\" href=\"mailto:soren@seawell.com\">soren@seawell.com<\/a><\/span><\/p>\t\t\t\t\t\t\t\t<\/div>\n\t\t\t\t<\/div>\n\t\t\t\t\t<\/div>\n\t\t\t\t<\/div>\n\t\t<div class=\"elementor-element elementor-element-4888acc e-flex e-con-boxed e-con e-parent\" data-id=\"4888acc\" data-element_type=\"container\" data-e-type=\"container\">\n\t\t\t\t\t<div class=\"e-con-inner\">\n\t\t\t\t<div class=\"elementor-element elementor-element-28b02ea elementor-widget elementor-widget-heading\" data-id=\"28b02ea\" data-element_type=\"widget\" data-e-type=\"widget\" data-widget_type=\"heading.default\">\n\t\t\t\t<div class=\"elementor-widget-container\">\n\t\t\t\t\t<h4 class=\"elementor-heading-title elementor-size-default\">Ledige stillinger<\/h4>\t\t\t\t<\/div>\n\t\t\t\t<\/div>\n\t\t\t\t<div class=\"elementor-element elementor-element-207f121 elementor-widget elementor-widget-text-editor\" data-id=\"207f121\" data-element_type=\"widget\" data-e-type=\"widget\" data-widget_type=\"text-editor.default\">\n\t\t\t\t<div class=\"elementor-widget-container\">\n\t\t\t\t\t\t\t\t\t<p><em>Der er desv\u00e6rre ingen ledige stillinger i \u00f8jeblikket. Men du er velkommen til at sende os en uopfordret ans\u00f8gning.<\/em><\/p>\t\t\t\t\t\t\t\t<\/div>\n\t\t\t\t<\/div>\n\t\t\t\t\t<\/div>\n\t\t\t\t<\/div>\n\t\t<div class=\"elementor-element elementor-element-bedadb4 elementor-hidden-desktop elementor-hidden-tablet elementor-hidden-mobile e-flex e-con-boxed e-con e-parent\" data-id=\"bedadb4\" data-element_type=\"container\" data-e-type=\"container\">\n\t\t\t\t\t<div class=\"e-con-inner\">\n\t\t\t\t<div class=\"elementor-element elementor-element-33453eb uael-header-sticky-no elementor-widget elementor-widget-uael-table\" data-id=\"33453eb\" data-element_type=\"widget\" data-e-type=\"widget\" data-widget_type=\"uael-table.default\">\n\t\t\t\t<div class=\"elementor-widget-container\">\n\t\t\t\t\t<div itemscope class=\"uael-table-wrapper\" itemtype=\"http:\/\/schema.org\/Table\">\n\t\t<table id=\"uael-table-id-33453eb\" class=\"uael-text-break uael-column-rules uael-table\" data-sort-table=\"no\" data-show-entry=\"no\" data-searchable=\"no\" data-responsive=\"no\">\n\t\t\t\t<thead>\n\t\t\t\t\t\t\t\t\t<th data-sort=\"0\" class=\"sort-this elementor-repeater-item-ab3db3e uael-table-col uael-table-head-cell-text\" scope=\"col\">\n\t\t\t\t\t\t\t<span class=\"sort-style\">\n\t\t\t\t\t\t\t<span class=\"uael-table__text\">\n\t\t\t\t\t\t\t\t\t\t\t\t\t\t\t\t\t\t\t\t\t\t\t\t\t\t\t\t\t\t\t\t\t\t<span class=\"uael-table__text-inner\">Jobtitel<\/span>\n\n\t\t\t\t\t\t\t\t\t\t\t\t\t\t\t\t\t\t\t\t\t\t\t\t\t\t\t\t\t\t\t\t\t<\/span>\n\t\t\t\t\t\t\t\t\t\t\t\t\t\t<\/span>\n\t\t\t\t\t\t<\/th>\n\t\t\t\t\t\t\t\t\t\t\t\t<th data-sort=\"1\" class=\"sort-this elementor-repeater-item-09abbe4 uael-table-col uael-table-head-cell-text\" scope=\"col\">\n\t\t\t\t\t\t\t<span class=\"sort-style\">\n\t\t\t\t\t\t\t<span class=\"uael-table__text\">\n\t\t\t\t\t\t\t\t\t\t\t\t\t\t\t\t\t\t\t\t\t\t\t\t\t\t\t\t\t\t\t\t\t\t<span class=\"uael-table__text-inner\">Arbejdssted<\/span>\n\n\t\t\t\t\t\t\t\t\t\t\t\t\t\t\t\t\t\t\t\t\t\t\t\t\t\t\t\t\t\t\t\t\t<\/span>\n\t\t\t\t\t\t\t\t\t\t\t\t\t\t<\/span>\n\t\t\t\t\t\t<\/th>\n\t\t\t\t\t\t\t\t\t\t\t\t<th data-sort=\"2\" class=\"sort-this elementor-repeater-item-32e9f7b uael-table-col uael-table-head-cell-text\" scope=\"col\">\n\t\t\t\t\t\t\t<span class=\"sort-style\">\n\t\t\t\t\t\t\t<span class=\"uael-table__text\">\n\t\t\t\t\t\t\t\t\t\t\t\t\t\t\t\t\t\t\t\t\t\t\t\t\t\t\t\t\t\t\t\t\t\t<span class=\"uael-table__text-inner\">Ans\u00f8gningsfrist<\/span>\n\n\t\t\t\t\t\t\t\t\t\t\t\t\t\t\t\t\t\t\t\t\t\t\t\t\t\t\t\t\t\t\t\t\t<\/span>\n\t\t\t\t\t\t\t\t\t\t\t\t\t\t<\/span>\n\t\t\t\t\t\t<\/th>\n\t\t\t\t\t\t\t\t<\/thead>\n\t\t\t\t<tbody>\n\t\t\t<!-- ROWS -->\n\t\t\t\t\t\t\t\t\t\t<tr data-entry=\"1\" class=\"uael-table-row\">\n\t\t\t\t\t\t\t\t\t\t\t\t\t\t\t\t\t<td class=\"uael-table-col uael-table-body-cell-text elementor-repeater-item-ed80910\" data-title=\"Jobtitel\">\n\t\t\t\t\t\t\t\t\t\t\t\t\t\t<a href=\"https:\/\/seawell.com\/da\/?p=11770\" target=\"_blank\">\n\t\t\t\t\t\t\t\t\t\t\t\t\t\t\t<span class=\"uael-table__text\">\n\t\t\t\t\t\t\t\t\t\t\t\t\t\t\t\t\t\t\t\t\t\t\t\t\t\t\t\t\t\t\n\t\t\t\t\t\t\t\t\t\t\t\t<span class=\"uael-align-icon--left\">\n\t\t\t\t\t<i aria-hidden=\"true\" class=\"fal fa-arrow-right\"><\/i>\t\t\t\t<\/span>\n\t\t\t\t\t\t\t\t\t\t\t\t\t\t\t\t\t\t\t\t\t\t\t\t\t\t\t\t\t\t\t\t\t<span class=\"uael-table__text-inner\">Driftlederassistent<\/span>\n\t\t\t\t\t\t\t\t\t\t\t\t\t\t\t\t\t\t\t\t\t\t\t\t\t\t\t\t\t\t\t\t\t\t\t\t<\/span>\n\t\t\t\t\t\t\t\t\t\t\t\t\t\t<\/a>\n\t\t\t\t\t\t\t\t\t\t\t\t\t<\/td>\n\t\t\t\t\t\t\t\t\t\t\t\t\t<td class=\"uael-table-col uael-table-body-cell-text elementor-repeater-item-cb375ef\" data-title=\"Arbejdssted\">\n\t\t\t\t\t\t\t\t\t\t\t\t\t\t<a href=\"https:\/\/seawell.com\/da\/?p=11770\" target=\"_blank\">\n\t\t\t\t\t\t\t\t\t\t\t\t\t\t\t<span class=\"uael-table__text\">\n\t\t\t\t\t\t\t\t\t\t\t\t\t\t\t\t\t\t\t\t\t\t\t\t\t\t\t\t\t\t\t\t\t\t\t\t\t<span class=\"uael-table__text-inner\">Nopalax, Hundested<\/span>\n\t\t\t\t\t\t\t\t\t\t\t\t\t\t\t\t\t\t\t\t\t\t\t\t\t\t\t\t\t\t\t\t\t\t\t\t<\/span>\n\t\t\t\t\t\t\t\t\t\t\t\t\t\t<\/a>\n\t\t\t\t\t\t\t\t\t\t\t\t\t<\/td>\n\t\t\t\t\t\t\t\t\t\t\t\t\t<td class=\"uael-table-col uael-table-body-cell-text elementor-repeater-item-ba70173\" data-title=\"Ans\u00f8gningsfrist\">\n\t\t\t\t\t\t\t\t\t\t\t\t\t\t<a href=\"https:\/\/seawell.com\/da\/?p=11770\" target=\"_blank\">\n\t\t\t\t\t\t\t\t\t\t\t\t\t\t\t<span class=\"uael-table__text\">\n\t\t\t\t\t\t\t\t\t\t\t\t\t\t\t\t\t\t\t\t\t\t\t\t\t\t\t\t\t\t\t\t\t\t\t\t\t<span class=\"uael-table__text-inner\">14. maj 2025<\/span>\n\t\t\t\t\t\t\t\t\t\t\t\t\t\t\t\t\t\t\t\t\t\t\t\t\t\t\t\t\t\t\t\t\t\t\t\t<\/span>\n\t\t\t\t\t\t\t\t\t\t\t\t\t\t<\/a>\n\t\t\t\t\t\t\t\t\t\t\t\t\t<\/td>\n\t\t\t\t\t\t\t\t\t<\/tbody>\n\t<\/table>\n\t\t<\/div>\n\t\t\t\t<\/div>\n\t\t\t\t<\/div>\n\t\t\t\t<div class=\"elementor-element elementor-element-4cb2dbf elementor-widget elementor-widget-spacer\" data-id=\"4cb2dbf\" data-element_type=\"widget\" data-e-type=\"widget\" data-widget_type=\"spacer.default\">\n\t\t\t\t<div class=\"elementor-widget-container\">\n\t\t\t\t\t\t\t<div class=\"elementor-spacer\">\n\t\t\t<div class=\"elementor-spacer-inner\"><\/div>\n\t\t<\/div>\n\t\t\t\t\t\t<\/div>\n\t\t\t\t<\/div>\n\t\t\t\t\t<\/div>\n\t\t\t\t<\/div>\n\t\t\t\t<\/div>\n\t\t","protected":false},"excerpt":{"rendered":"<p>Job hos os Er du vores nye kollega? Send os din ans\u00f8gning Br\u00e6nder du for at blive en del af en erfaren virksomhed i en sp\u00e6ndende branche? Vi s\u00f8ger ofte nye kollegaer, og her p\u00e5 siden kan du se ledige stillinger p\u00e5 vores kontorer og fabrikker. Du er ogs\u00e5 altid velkommen til at sende en [&hellip;]<\/p>\n","protected":false},"author":1,"featured_media":3725,"parent":0,"menu_order":0,"comment_status":"closed","ping_status":"closed","template":"","meta":{"_acf_changed":false,"footnotes":""},"class_list":["post-2092","page","type-page","status-publish","has-post-thumbnail","hentry"],"acf":[],"yoast_head":"<!-- This site is optimized with the Yoast SEO plugin v27.4 - https:\/\/yoast.com\/product\/yoast-seo-wordpress\/ -->\n<title>Job - Er du vores nye kollega? - Seawell<\/title>\n<meta name=\"description\" content=\"Job hos os - er du vores nye kollega? Br\u00e6nder du for at blive en del af en erfaren virksomhed i en sp\u00e6ndende branche?\" \/>\n<meta name=\"robots\" content=\"index, follow, max-snippet:-1, max-image-preview:large, max-video-preview:-1\" \/>\n<link rel=\"canonical\" href=\"https:\/\/seawell.com\/job\/\" \/>\n<meta property=\"og:locale\" content=\"da_DK\" \/>\n<meta property=\"og:type\" content=\"article\" \/>\n<meta property=\"og:title\" content=\"Job - Er du vores nye kollega? - Seawell\" \/>\n<meta property=\"og:description\" content=\"Job hos os - er du vores nye kollega? Br\u00e6nder du for at blive en del af en erfaren virksomhed i en sp\u00e6ndende branche?\" \/>\n<meta property=\"og:url\" content=\"https:\/\/seawell.com\/job\/\" \/>\n<meta property=\"og:site_name\" content=\"Seawell\" \/>\n<meta property=\"article:modified_time\" content=\"2025-10-22T12:26:35+00:00\" \/>\n<meta property=\"og:image\" content=\"https:\/\/seawell.com\/wp-content\/uploads\/blue-sea-aerial-top-down-view-2024-02-19-14-12-49-utc-1024x768.webp\" \/>\n\t<meta property=\"og:image:width\" content=\"1024\" \/>\n\t<meta property=\"og:image:height\" content=\"768\" \/>\n\t<meta property=\"og:image:type\" content=\"image\/webp\" \/>\n<meta name=\"twitter:card\" content=\"summary_large_image\" \/>\n<meta name=\"twitter:label1\" content=\"Estimeret l\u00e6setid\" \/>\n\t<meta name=\"twitter:data1\" content=\"1 minut\" \/>\n<script type=\"application\/ld+json\" class=\"yoast-schema-graph\">{\"@context\":\"https:\\\/\\\/schema.org\",\"@graph\":[{\"@type\":\"WebPage\",\"@id\":\"https:\\\/\\\/seawell.com\\\/job\\\/\",\"url\":\"https:\\\/\\\/seawell.com\\\/job\\\/\",\"name\":\"Job - Er du vores nye kollega? - Seawell\",\"isPartOf\":{\"@id\":\"https:\\\/\\\/seawell.com\\\/#website\"},\"primaryImageOfPage\":{\"@id\":\"https:\\\/\\\/seawell.com\\\/job\\\/#primaryimage\"},\"image\":{\"@id\":\"https:\\\/\\\/seawell.com\\\/job\\\/#primaryimage\"},\"thumbnailUrl\":\"https:\\\/\\\/seawell.com\\\/wp-content\\\/uploads\\\/blue-sea-aerial-top-down-view-2024-02-19-14-12-49-utc.webp\",\"datePublished\":\"2023-11-03T07:37:36+00:00\",\"dateModified\":\"2025-10-22T12:26:35+00:00\",\"description\":\"Job hos os - er du vores nye kollega? Br\u00e6nder du for at blive en del af en erfaren virksomhed i en sp\u00e6ndende branche?\",\"breadcrumb\":{\"@id\":\"https:\\\/\\\/seawell.com\\\/job\\\/#breadcrumb\"},\"inLanguage\":\"da-DK\",\"potentialAction\":[{\"@type\":\"ReadAction\",\"target\":[\"https:\\\/\\\/seawell.com\\\/job\\\/\"]}]},{\"@type\":\"ImageObject\",\"inLanguage\":\"da-DK\",\"@id\":\"https:\\\/\\\/seawell.com\\\/job\\\/#primaryimage\",\"url\":\"https:\\\/\\\/seawell.com\\\/wp-content\\\/uploads\\\/blue-sea-aerial-top-down-view-2024-02-19-14-12-49-utc.webp\",\"contentUrl\":\"https:\\\/\\\/seawell.com\\\/wp-content\\\/uploads\\\/blue-sea-aerial-top-down-view-2024-02-19-14-12-49-utc.webp\",\"width\":1920,\"height\":1440,\"caption\":\"Seawell A\\\/S - Job hos os - er du vores nye kollega?\"},{\"@type\":\"BreadcrumbList\",\"@id\":\"https:\\\/\\\/seawell.com\\\/job\\\/#breadcrumb\",\"itemListElement\":[{\"@type\":\"ListItem\",\"position\":1,\"name\":\"Home\",\"item\":\"https:\\\/\\\/seawell.com\\\/da\\\/\"},{\"@type\":\"ListItem\",\"position\":2,\"name\":\"Job\"}]},{\"@type\":\"WebSite\",\"@id\":\"https:\\\/\\\/seawell.com\\\/#website\",\"url\":\"https:\\\/\\\/seawell.com\\\/\",\"name\":\"Seawell\",\"description\":\"\",\"publisher\":{\"@id\":\"https:\\\/\\\/seawell.com\\\/#organization\"},\"alternateName\":\"Seawell\",\"potentialAction\":[{\"@type\":\"SearchAction\",\"target\":{\"@type\":\"EntryPoint\",\"urlTemplate\":\"https:\\\/\\\/seawell.com\\\/?s={search_term_string}\"},\"query-input\":{\"@type\":\"PropertyValueSpecification\",\"valueRequired\":true,\"valueName\":\"search_term_string\"}}],\"inLanguage\":\"da-DK\"},{\"@type\":\"Organization\",\"@id\":\"https:\\\/\\\/seawell.com\\\/#organization\",\"name\":\"Seawell A\\\/S\",\"alternateName\":\"Seawell\",\"url\":\"https:\\\/\\\/seawell.com\\\/\",\"logo\":{\"@type\":\"ImageObject\",\"inLanguage\":\"da-DK\",\"@id\":\"https:\\\/\\\/seawell.com\\\/#\\\/schema\\\/logo\\\/image\\\/\",\"url\":\"http:\\\/\\\/seawell.com\\\/wp-content\\\/uploads\\\/Seawell-AS-logo_groen_uden-baggrund.png\",\"contentUrl\":\"http:\\\/\\\/seawell.com\\\/wp-content\\\/uploads\\\/Seawell-AS-logo_groen_uden-baggrund.png\",\"width\":706,\"height\":441,\"caption\":\"Seawell A\\\/S\"},\"image\":{\"@id\":\"https:\\\/\\\/seawell.com\\\/#\\\/schema\\\/logo\\\/image\\\/\"}}]}<\/script>\n<!-- \/ Yoast SEO plugin. -->","yoast_head_json":{"title":"Job - Er du vores nye kollega? - Seawell","description":"Job hos os - er du vores nye kollega? Br\u00e6nder du for at blive en del af en erfaren virksomhed i en sp\u00e6ndende branche?","robots":{"index":"index","follow":"follow","max-snippet":"max-snippet:-1","max-image-preview":"max-image-preview:large","max-video-preview":"max-video-preview:-1"},"canonical":"https:\/\/seawell.com\/job\/","og_locale":"da_DK","og_type":"article","og_title":"Job - Er du vores nye kollega? - Seawell","og_description":"Job hos os - er du vores nye kollega? Br\u00e6nder du for at blive en del af en erfaren virksomhed i en sp\u00e6ndende branche?","og_url":"https:\/\/seawell.com\/job\/","og_site_name":"Seawell","article_modified_time":"2025-10-22T12:26:35+00:00","og_image":[{"width":1024,"height":768,"url":"https:\/\/seawell.com\/wp-content\/uploads\/blue-sea-aerial-top-down-view-2024-02-19-14-12-49-utc-1024x768.webp","type":"image\/webp"}],"twitter_card":"summary_large_image","twitter_misc":{"Estimeret l\u00e6setid":"1 minut"},"schema":{"@context":"https:\/\/schema.org","@graph":[{"@type":"WebPage","@id":"https:\/\/seawell.com\/job\/","url":"https:\/\/seawell.com\/job\/","name":"Job - Er du vores nye kollega? - Seawell","isPartOf":{"@id":"https:\/\/seawell.com\/#website"},"primaryImageOfPage":{"@id":"https:\/\/seawell.com\/job\/#primaryimage"},"image":{"@id":"https:\/\/seawell.com\/job\/#primaryimage"},"thumbnailUrl":"https:\/\/seawell.com\/wp-content\/uploads\/blue-sea-aerial-top-down-view-2024-02-19-14-12-49-utc.webp","datePublished":"2023-11-03T07:37:36+00:00","dateModified":"2025-10-22T12:26:35+00:00","description":"Job hos os - er du vores nye kollega? Br\u00e6nder du for at blive en del af en erfaren virksomhed i en sp\u00e6ndende branche?","breadcrumb":{"@id":"https:\/\/seawell.com\/job\/#breadcrumb"},"inLanguage":"da-DK","potentialAction":[{"@type":"ReadAction","target":["https:\/\/seawell.com\/job\/"]}]},{"@type":"ImageObject","inLanguage":"da-DK","@id":"https:\/\/seawell.com\/job\/#primaryimage","url":"https:\/\/seawell.com\/wp-content\/uploads\/blue-sea-aerial-top-down-view-2024-02-19-14-12-49-utc.webp","contentUrl":"https:\/\/seawell.com\/wp-content\/uploads\/blue-sea-aerial-top-down-view-2024-02-19-14-12-49-utc.webp","width":1920,"height":1440,"caption":"Seawell A\/S - Job hos os - er du vores nye kollega?"},{"@type":"BreadcrumbList","@id":"https:\/\/seawell.com\/job\/#breadcrumb","itemListElement":[{"@type":"ListItem","position":1,"name":"Home","item":"https:\/\/seawell.com\/da\/"},{"@type":"ListItem","position":2,"name":"Job"}]},{"@type":"WebSite","@id":"https:\/\/seawell.com\/#website","url":"https:\/\/seawell.com\/","name":"Seawell","description":"","publisher":{"@id":"https:\/\/seawell.com\/#organization"},"alternateName":"Seawell","potentialAction":[{"@type":"SearchAction","target":{"@type":"EntryPoint","urlTemplate":"https:\/\/seawell.com\/?s={search_term_string}"},"query-input":{"@type":"PropertyValueSpecification","valueRequired":true,"valueName":"search_term_string"}}],"inLanguage":"da-DK"},{"@type":"Organization","@id":"https:\/\/seawell.com\/#organization","name":"Seawell A\/S","alternateName":"Seawell","url":"https:\/\/seawell.com\/","logo":{"@type":"ImageObject","inLanguage":"da-DK","@id":"https:\/\/seawell.com\/#\/schema\/logo\/image\/","url":"https:\/\/seawell.com\/wp-content\/uploads\/Seawell-AS-logo_groen_uden-baggrund.png","contentUrl":"https:\/\/seawell.com\/wp-content\/uploads\/Seawell-AS-logo_groen_uden-baggrund.png","width":706,"height":441,"caption":"Seawell A\/S"},"image":{"@id":"https:\/\/seawell.com\/#\/schema\/logo\/image\/"}}]}},"_links":{"self":[{"href":"https:\/\/seawell.com\/da\/wp-json\/wp\/v2\/pages\/2092","targetHints":{"allow":["GET"]}}],"collection":[{"href":"https:\/\/seawell.com\/da\/wp-json\/wp\/v2\/pages"}],"about":[{"href":"https:\/\/seawell.com\/da\/wp-json\/wp\/v2\/types\/page"}],"author":[{"embeddable":true,"href":"https:\/\/seawell.com\/da\/wp-json\/wp\/v2\/users\/1"}],"replies":[{"embeddable":true,"href":"https:\/\/seawell.com\/da\/wp-json\/wp\/v2\/comments?post=2092"}],"version-history":[{"count":181,"href":"https:\/\/seawell.com\/da\/wp-json\/wp\/v2\/pages\/2092\/revisions"}],"predecessor-version":[{"id":11933,"href":"https:\/\/seawell.com\/da\/wp-json\/wp\/v2\/pages\/2092\/revisions\/11933"}],"wp:featuredmedia":[{"embeddable":true,"href":"https:\/\/seawell.com\/da\/wp-json\/wp\/v2\/media\/3725"}],"wp:attachment":[{"href":"https:\/\/seawell.com\/da\/wp-json\/wp\/v2\/media?parent=2092"}],"curies":[{"name":"wp","href":"https:\/\/api.w.org\/{rel}","templated":true}]}}