{"id":2094,"date":"2023-11-03T08:31:21","date_gmt":"2023-11-03T07:31:21","guid":{"rendered":"https:\/\/seawell.com\/laks\/"},"modified":"2024-12-02T12:25:16","modified_gmt":"2024-12-02T11:25:16","slug":"laks","status":"publish","type":"page","link":"https:\/\/seawell.com\/da\/produkter\/laks\/","title":{"rendered":"Laks"},"content":{"rendered":"\t\t<div data-elementor-type=\"wp-page\" data-elementor-id=\"2094\" class=\"elementor elementor-2094 elementor-782\" data-elementor-post-type=\"page\">\n\t\t\t\t<div class=\"elementor-element elementor-element-cd78c9f e-flex e-con-boxed e-con e-parent\" data-id=\"cd78c9f\" data-element_type=\"container\" data-e-type=\"container\" data-settings=\"{&quot;background_background&quot;:&quot;slideshow&quot;,&quot;background_slideshow_gallery&quot;:[],&quot;background_slideshow_loop&quot;:&quot;yes&quot;,&quot;background_slideshow_slide_duration&quot;:5000,&quot;background_slideshow_slide_transition&quot;:&quot;fade&quot;,&quot;background_slideshow_transition_duration&quot;:500}\">\n\t\t\t\t\t<div class=\"e-con-inner\">\n\t\t<div class=\"elementor-element elementor-element-97bbe8b e-con-full e-flex e-con e-child\" data-id=\"97bbe8b\" data-element_type=\"container\" data-e-type=\"container\">\n\t\t\t\t<div class=\"elementor-element elementor-element-2848aa2 elementor-widget elementor-widget-image\" data-id=\"2848aa2\" data-element_type=\"widget\" data-e-type=\"widget\" data-widget_type=\"image.default\">\n\t\t\t\t<div class=\"elementor-widget-container\">\n\t\t\t\t\t\t\t\t\t\t\t\t\t\t\t<img fetchpriority=\"high\" decoding=\"async\" width=\"1920\" height=\"1200\" src=\"https:\/\/seawell.com\/wp-content\/uploads\/Laks-D_ingen-baggrund-3.webp\" class=\"attachment-full size-full wp-image-4618\" alt=\"Ferske og frosne lakseprodukter\" srcset=\"https:\/\/seawell.com\/wp-content\/uploads\/Laks-D_ingen-baggrund-3.webp 1920w, https:\/\/seawell.com\/wp-content\/uploads\/Laks-D_ingen-baggrund-3-300x188.webp 300w, https:\/\/seawell.com\/wp-content\/uploads\/Laks-D_ingen-baggrund-3-1024x640.webp 1024w, https:\/\/seawell.com\/wp-content\/uploads\/Laks-D_ingen-baggrund-3-768x480.webp 768w, https:\/\/seawell.com\/wp-content\/uploads\/Laks-D_ingen-baggrund-3-1536x960.webp 1536w\" sizes=\"(max-width: 1920px) 100vw, 1920px\" \/>\t\t\t\t\t\t\t\t\t\t\t\t\t\t\t<\/div>\n\t\t\t\t<\/div>\n\t\t\t\t<div class=\"elementor-element elementor-element-18502e3 elementor-widget elementor-widget-heading\" data-id=\"18502e3\" data-element_type=\"widget\" data-e-type=\"widget\" data-widget_type=\"heading.default\">\n\t\t\t\t<div class=\"elementor-widget-container\">\n\t\t\t\t\t<h1 class=\"elementor-heading-title elementor-size-default\">Laks<\/h1>\t\t\t\t<\/div>\n\t\t\t\t<\/div>\n\t\t\t\t<div class=\"elementor-element elementor-element-44081f9 elementor-widget elementor-widget-text-editor\" data-id=\"44081f9\" data-element_type=\"widget\" data-e-type=\"widget\" data-widget_type=\"text-editor.default\">\n\t\t\t\t<div class=\"elementor-widget-container\">\n\t\t\t\t\t\t\t\t\t<p><em>Ferske og frosne lakseprodukter<\/em><\/p>\t\t\t\t\t\t\t\t<\/div>\n\t\t\t\t<\/div>\n\t\t\t\t<\/div>\n\t\t\t\t\t<\/div>\n\t\t\t\t<\/div>\n\t\t<div class=\"elementor-element elementor-element-a38b3f6 e-flex e-con-boxed e-con e-parent\" data-id=\"a38b3f6\" data-element_type=\"container\" data-e-type=\"container\">\n\t\t\t\t\t<div class=\"e-con-inner\">\n\t\t<div class=\"elementor-element elementor-element-3c12e9e e-flex e-con-boxed e-con e-child\" data-id=\"3c12e9e\" data-element_type=\"container\" data-e-type=\"container\" data-settings=\"{&quot;background_background&quot;:&quot;classic&quot;}\">\n\t\t\t\t\t<div class=\"e-con-inner\">\n\t\t\t\t<div class=\"elementor-element elementor-element-d81530d elementor-widget elementor-widget-text-editor\" data-id=\"d81530d\" data-element_type=\"widget\" data-e-type=\"widget\" data-widget_type=\"text-editor.default\">\n\t\t\t\t<div class=\"elementor-widget-container\">\n\t\t\t\t\t\t\t\t\t<p>Seawell Hirtshals, vores s\u00f8sterselskab, producerer ferske og frosne lakseprodukter i alle st\u00f8rrelser og udsk\u00e6ringer, tilpasset kundens \u00f8nsker.\u00a0<\/p><p><span style=\"color: var( --e-global-color-text ); font-family: var( --e-global-typography-text-font-family ), Sans-serif;\">P\u00e5 <\/span><a style=\"font-family: var( --e-global-typography-text-font-family ), Sans-serif; background-color: #ffffff;\" href=\"http:\/\/www.seawellhirtshals.dk\" target=\"_blank\" rel=\"noopener\">www.seawellhirtshals.dk<\/a><span style=\"color: var( --e-global-color-text ); font-family: var( --e-global-typography-text-font-family ), Sans-serif;\"> kan du l\u00e6se mere om lakseprodukterne.<\/span><\/p>\t\t\t\t\t\t\t\t<\/div>\n\t\t\t\t<\/div>\n\t\t\t\t\t<\/div>\n\t\t\t\t<\/div>\n\t\t\t\t\t<\/div>\n\t\t\t\t<\/div>\n\t\t<div class=\"elementor-element elementor-element-e4b63b9 e-flex e-con-boxed e-con e-parent\" data-id=\"e4b63b9\" data-element_type=\"container\" data-e-type=\"container\" data-settings=\"{&quot;background_background&quot;:&quot;classic&quot;}\">\n\t\t\t\t\t<div class=\"e-con-inner\">\n\t\t\t\t<div class=\"elementor-element elementor-element-5b7d377 elementor-widget elementor-widget-heading\" data-id=\"5b7d377\" data-element_type=\"widget\" data-e-type=\"widget\" data-widget_type=\"heading.default\">\n\t\t\t\t<div class=\"elementor-widget-container\">\n\t\t\t\t\t<h2 class=\"elementor-heading-title elementor-size-default\">Fleksibel og effektiv produktion<\/h2>\t\t\t\t<\/div>\n\t\t\t\t<\/div>\n\t\t\t\t<div class=\"elementor-element elementor-element-cf5586e elementor-widget__width-initial elementor-widget elementor-widget-text-editor\" data-id=\"cf5586e\" data-element_type=\"widget\" data-e-type=\"widget\" data-widget_type=\"text-editor.default\">\n\t\t\t\t<div class=\"elementor-widget-container\">\n\t\t\t\t\t\t\t\t\t<p>Alle lakseprodukter er produceret internt p\u00e5 den specialiserede laksefabrik, Seawell Hirtshals, hvor loyale medarbejdere, specialiseret maskineri og moderne fryselagre sikrer fleksibel og effektiv produktion.\u00a0<\/p>\t\t\t\t\t\t\t\t<\/div>\n\t\t\t\t<\/div>\n\t\t\t\t<div class=\"elementor-element elementor-element-86a8d42 elementor-widget elementor-widget-video\" data-id=\"86a8d42\" data-element_type=\"widget\" data-e-type=\"widget\" data-settings=\"{&quot;youtube_url&quot;:&quot;https:\\\/\\\/www.youtube.com\\\/watch?v=ATeH4oA7EwY&quot;,&quot;yt_privacy&quot;:&quot;yes&quot;,&quot;mute&quot;:&quot;yes&quot;,&quot;autoplay&quot;:&quot;yes&quot;,&quot;video_type&quot;:&quot;youtube&quot;,&quot;controls&quot;:&quot;yes&quot;}\" data-widget_type=\"video.default\">\n\t\t\t\t<div class=\"elementor-widget-container\">\n\t\t\t\t\t\t\t<div class=\"elementor-wrapper elementor-open-inline\">\n\t\t\t<div class=\"elementor-video\"><\/div>\t\t<\/div>\n\t\t\t\t\t\t<\/div>\n\t\t\t\t<\/div>\n\t\t\t\t<div class=\"elementor-element elementor-element-57d1103 elementor-align-center elementor-widget elementor-widget-button\" data-id=\"57d1103\" data-element_type=\"widget\" data-e-type=\"widget\" data-widget_type=\"button.default\">\n\t\t\t\t<div class=\"elementor-widget-container\">\n\t\t\t\t\t\t\t\t\t<div class=\"elementor-button-wrapper\">\n\t\t\t\t\t<a class=\"elementor-button elementor-button-link elementor-size-sm\" href=\"https:\/\/seawellhirtshals.dk\/\" target=\"_blank\">\n\t\t\t\t\t\t<span class=\"elementor-button-content-wrapper\">\n\t\t\t\t\t\t<span class=\"elementor-button-icon\">\n\t\t\t\t<i aria-hidden=\"true\" class=\"fal fa-long-arrow-right\"><\/i>\t\t\t<\/span>\n\t\t\t\t\t\t\t\t\t<span class=\"elementor-button-text\">G\u00e5 til www.seawellhirtshals.dk<\/span>\n\t\t\t\t\t<\/span>\n\t\t\t\t\t<\/a>\n\t\t\t\t<\/div>\n\t\t\t\t\t\t\t\t<\/div>\n\t\t\t\t<\/div>\n\t\t\t\t\t<\/div>\n\t\t\t\t<\/div>\n\t\t<div class=\"elementor-element elementor-element-5edc530 e-flex e-con-boxed e-con e-parent\" data-id=\"5edc530\" data-element_type=\"container\" data-e-type=\"container\">\n\t\t\t\t\t<div class=\"e-con-inner\">\n\t\t\t\t<div class=\"elementor-element elementor-element-91e5ce8 elementor-widget elementor-widget-spacer\" data-id=\"91e5ce8\" data-element_type=\"widget\" data-e-type=\"widget\" data-widget_type=\"spacer.default\">\n\t\t\t\t<div class=\"elementor-widget-container\">\n\t\t\t\t\t\t\t<div class=\"elementor-spacer\">\n\t\t\t<div class=\"elementor-spacer-inner\"><\/div>\n\t\t<\/div>\n\t\t\t\t\t\t<\/div>\n\t\t\t\t<\/div>\n\t\t\t\t<div class=\"elementor-element elementor-element-9903ada elementor-widget elementor-widget-image\" data-id=\"9903ada\" data-element_type=\"widget\" data-e-type=\"widget\" data-widget_type=\"image.default\">\n\t\t\t\t<div class=\"elementor-widget-container\">\n\t\t\t\t\t\t\t\t\t\t\t\t\t\t\t\t<a href=\"https:\/\/www.findsmiley.dk\/25742\" target=\"_blank\">\n\t\t\t\t\t\t\t<img decoding=\"async\" width=\"847\" height=\"274\" src=\"https:\/\/seawell.com\/wp-content\/uploads\/Banner_groen_847x274-1.gif\" class=\"attachment-full size-full wp-image-7308\" alt=\"\" \/>\t\t\t\t\t\t\t\t<\/a>\n\t\t\t\t\t\t\t\t\t\t\t\t\t\t\t<\/div>\n\t\t\t\t<\/div>\n\t\t\t\t\t<\/div>\n\t\t\t\t<\/div>\n\t\t\t\t<\/div>\n\t\t","protected":false},"excerpt":{"rendered":"<p>Ferske og frosne lakseprodukter<\/p>\n","protected":false},"author":1,"featured_media":4618,"parent":2098,"menu_order":0,"comment_status":"closed","ping_status":"closed","template":"","meta":{"_acf_changed":false,"footnotes":""},"class_list":["post-2094","page","type-page","status-publish","has-post-thumbnail","hentry"],"acf":[],"yoast_head":"<!-- This site is optimized with the Yoast SEO plugin v27.4 - https:\/\/yoast.com\/product\/yoast-seo-wordpress\/ -->\n<title>Ferske og frosne lakseprodukter - Seawell A\/S<\/title>\n<meta name=\"description\" content=\"Ferske og frosne lakseprodukter er produceret internt, hvor loyale medarbejdere, moderne maskineri sikrer fleksibel og effektiv produktion.\" \/>\n<meta name=\"robots\" content=\"index, follow, max-snippet:-1, max-image-preview:large, max-video-preview:-1\" \/>\n<link rel=\"canonical\" href=\"https:\/\/seawell.com\/products\/salmon\/\" \/>\n<meta property=\"og:locale\" content=\"da_DK\" \/>\n<meta property=\"og:type\" content=\"article\" \/>\n<meta property=\"og:title\" content=\"Ferske og frosne lakseprodukter - Seawell A\/S\" \/>\n<meta property=\"og:description\" content=\"Ferske og frosne lakseprodukter er produceret internt, hvor loyale medarbejdere, moderne maskineri sikrer fleksibel og effektiv produktion.\" \/>\n<meta property=\"og:url\" content=\"https:\/\/seawell.com\/products\/salmon\/\" \/>\n<meta property=\"og:site_name\" content=\"Seawell\" \/>\n<meta property=\"article:modified_time\" content=\"2024-12-02T11:25:16+00:00\" \/>\n<meta property=\"og:image\" content=\"https:\/\/seawell.com\/wp-content\/uploads\/Laks-D_ingen-baggrund-3.webp\" \/>\n\t<meta property=\"og:image:width\" content=\"1920\" \/>\n\t<meta property=\"og:image:height\" content=\"1200\" \/>\n\t<meta property=\"og:image:type\" content=\"image\/webp\" \/>\n<meta name=\"twitter:card\" content=\"summary_large_image\" \/>\n<meta name=\"twitter:label1\" content=\"Estimeret l\u00e6setid\" \/>\n\t<meta name=\"twitter:data1\" content=\"1 minut\" \/>\n<script type=\"application\/ld+json\" class=\"yoast-schema-graph\">{\"@context\":\"https:\\\/\\\/schema.org\",\"@graph\":[{\"@type\":\"WebPage\",\"@id\":\"https:\\\/\\\/seawell.com\\\/products\\\/salmon\\\/\",\"url\":\"https:\\\/\\\/seawell.com\\\/products\\\/salmon\\\/\",\"name\":\"Ferske og frosne lakseprodukter - Seawell A\\\/S\",\"isPartOf\":{\"@id\":\"https:\\\/\\\/seawell.com\\\/#website\"},\"primaryImageOfPage\":{\"@id\":\"https:\\\/\\\/seawell.com\\\/products\\\/salmon\\\/#primaryimage\"},\"image\":{\"@id\":\"https:\\\/\\\/seawell.com\\\/products\\\/salmon\\\/#primaryimage\"},\"thumbnailUrl\":\"https:\\\/\\\/seawell.com\\\/wp-content\\\/uploads\\\/Laks-D_ingen-baggrund-3.webp\",\"datePublished\":\"2023-11-03T07:31:21+00:00\",\"dateModified\":\"2024-12-02T11:25:16+00:00\",\"description\":\"Ferske og frosne lakseprodukter er produceret internt, hvor loyale medarbejdere, moderne maskineri sikrer fleksibel og effektiv produktion.\",\"breadcrumb\":{\"@id\":\"https:\\\/\\\/seawell.com\\\/products\\\/salmon\\\/#breadcrumb\"},\"inLanguage\":\"da-DK\",\"potentialAction\":[{\"@type\":\"ReadAction\",\"target\":[\"https:\\\/\\\/seawell.com\\\/products\\\/salmon\\\/\"]}]},{\"@type\":\"ImageObject\",\"inLanguage\":\"da-DK\",\"@id\":\"https:\\\/\\\/seawell.com\\\/products\\\/salmon\\\/#primaryimage\",\"url\":\"https:\\\/\\\/seawell.com\\\/wp-content\\\/uploads\\\/Laks-D_ingen-baggrund-3.webp\",\"contentUrl\":\"https:\\\/\\\/seawell.com\\\/wp-content\\\/uploads\\\/Laks-D_ingen-baggrund-3.webp\",\"width\":1920,\"height\":1200,\"caption\":\"Ferske og frosne lakseprodukter\"},{\"@type\":\"BreadcrumbList\",\"@id\":\"https:\\\/\\\/seawell.com\\\/products\\\/salmon\\\/#breadcrumb\",\"itemListElement\":[{\"@type\":\"ListItem\",\"position\":1,\"name\":\"Home\",\"item\":\"https:\\\/\\\/seawell.com\\\/da\\\/\"},{\"@type\":\"ListItem\",\"position\":2,\"name\":\"Produkter\",\"item\":\"https:\\\/\\\/seawell.com\\\/products\\\/\"},{\"@type\":\"ListItem\",\"position\":3,\"name\":\"Laks\"}]},{\"@type\":\"WebSite\",\"@id\":\"https:\\\/\\\/seawell.com\\\/#website\",\"url\":\"https:\\\/\\\/seawell.com\\\/\",\"name\":\"Seawell\",\"description\":\"\",\"publisher\":{\"@id\":\"https:\\\/\\\/seawell.com\\\/#organization\"},\"alternateName\":\"Seawell\",\"potentialAction\":[{\"@type\":\"SearchAction\",\"target\":{\"@type\":\"EntryPoint\",\"urlTemplate\":\"https:\\\/\\\/seawell.com\\\/?s={search_term_string}\"},\"query-input\":{\"@type\":\"PropertyValueSpecification\",\"valueRequired\":true,\"valueName\":\"search_term_string\"}}],\"inLanguage\":\"da-DK\"},{\"@type\":\"Organization\",\"@id\":\"https:\\\/\\\/seawell.com\\\/#organization\",\"name\":\"Seawell A\\\/S\",\"alternateName\":\"Seawell\",\"url\":\"https:\\\/\\\/seawell.com\\\/\",\"logo\":{\"@type\":\"ImageObject\",\"inLanguage\":\"da-DK\",\"@id\":\"https:\\\/\\\/seawell.com\\\/#\\\/schema\\\/logo\\\/image\\\/\",\"url\":\"http:\\\/\\\/seawell.com\\\/wp-content\\\/uploads\\\/Seawell-AS-logo_groen_uden-baggrund.png\",\"contentUrl\":\"http:\\\/\\\/seawell.com\\\/wp-content\\\/uploads\\\/Seawell-AS-logo_groen_uden-baggrund.png\",\"width\":706,\"height\":441,\"caption\":\"Seawell A\\\/S\"},\"image\":{\"@id\":\"https:\\\/\\\/seawell.com\\\/#\\\/schema\\\/logo\\\/image\\\/\"}}]}<\/script>\n<!-- \/ Yoast SEO plugin. -->","yoast_head_json":{"title":"Ferske og frosne lakseprodukter - Seawell A\/S","description":"Ferske og frosne lakseprodukter er produceret internt, hvor loyale medarbejdere, moderne maskineri sikrer fleksibel og effektiv produktion.","robots":{"index":"index","follow":"follow","max-snippet":"max-snippet:-1","max-image-preview":"max-image-preview:large","max-video-preview":"max-video-preview:-1"},"canonical":"https:\/\/seawell.com\/products\/salmon\/","og_locale":"da_DK","og_type":"article","og_title":"Ferske og frosne lakseprodukter - Seawell A\/S","og_description":"Ferske og frosne lakseprodukter er produceret internt, hvor loyale medarbejdere, moderne maskineri sikrer fleksibel og effektiv produktion.","og_url":"https:\/\/seawell.com\/products\/salmon\/","og_site_name":"Seawell","article_modified_time":"2024-12-02T11:25:16+00:00","og_image":[{"width":1920,"height":1200,"url":"https:\/\/seawell.com\/wp-content\/uploads\/Laks-D_ingen-baggrund-3.webp","type":"image\/webp"}],"twitter_card":"summary_large_image","twitter_misc":{"Estimeret l\u00e6setid":"1 minut"},"schema":{"@context":"https:\/\/schema.org","@graph":[{"@type":"WebPage","@id":"https:\/\/seawell.com\/products\/salmon\/","url":"https:\/\/seawell.com\/products\/salmon\/","name":"Ferske og frosne lakseprodukter - Seawell A\/S","isPartOf":{"@id":"https:\/\/seawell.com\/#website"},"primaryImageOfPage":{"@id":"https:\/\/seawell.com\/products\/salmon\/#primaryimage"},"image":{"@id":"https:\/\/seawell.com\/products\/salmon\/#primaryimage"},"thumbnailUrl":"https:\/\/seawell.com\/wp-content\/uploads\/Laks-D_ingen-baggrund-3.webp","datePublished":"2023-11-03T07:31:21+00:00","dateModified":"2024-12-02T11:25:16+00:00","description":"Ferske og frosne lakseprodukter er produceret internt, hvor loyale medarbejdere, moderne maskineri sikrer fleksibel og effektiv produktion.","breadcrumb":{"@id":"https:\/\/seawell.com\/products\/salmon\/#breadcrumb"},"inLanguage":"da-DK","potentialAction":[{"@type":"ReadAction","target":["https:\/\/seawell.com\/products\/salmon\/"]}]},{"@type":"ImageObject","inLanguage":"da-DK","@id":"https:\/\/seawell.com\/products\/salmon\/#primaryimage","url":"https:\/\/seawell.com\/wp-content\/uploads\/Laks-D_ingen-baggrund-3.webp","contentUrl":"https:\/\/seawell.com\/wp-content\/uploads\/Laks-D_ingen-baggrund-3.webp","width":1920,"height":1200,"caption":"Ferske og frosne lakseprodukter"},{"@type":"BreadcrumbList","@id":"https:\/\/seawell.com\/products\/salmon\/#breadcrumb","itemListElement":[{"@type":"ListItem","position":1,"name":"Home","item":"https:\/\/seawell.com\/da\/"},{"@type":"ListItem","position":2,"name":"Produkter","item":"https:\/\/seawell.com\/products\/"},{"@type":"ListItem","position":3,"name":"Laks"}]},{"@type":"WebSite","@id":"https:\/\/seawell.com\/#website","url":"https:\/\/seawell.com\/","name":"Seawell","description":"","publisher":{"@id":"https:\/\/seawell.com\/#organization"},"alternateName":"Seawell","potentialAction":[{"@type":"SearchAction","target":{"@type":"EntryPoint","urlTemplate":"https:\/\/seawell.com\/?s={search_term_string}"},"query-input":{"@type":"PropertyValueSpecification","valueRequired":true,"valueName":"search_term_string"}}],"inLanguage":"da-DK"},{"@type":"Organization","@id":"https:\/\/seawell.com\/#organization","name":"Seawell A\/S","alternateName":"Seawell","url":"https:\/\/seawell.com\/","logo":{"@type":"ImageObject","inLanguage":"da-DK","@id":"https:\/\/seawell.com\/#\/schema\/logo\/image\/","url":"https:\/\/seawell.com\/wp-content\/uploads\/Seawell-AS-logo_groen_uden-baggrund.png","contentUrl":"https:\/\/seawell.com\/wp-content\/uploads\/Seawell-AS-logo_groen_uden-baggrund.png","width":706,"height":441,"caption":"Seawell A\/S"},"image":{"@id":"https:\/\/seawell.com\/#\/schema\/logo\/image\/"}}]}},"_links":{"self":[{"href":"https:\/\/seawell.com\/da\/wp-json\/wp\/v2\/pages\/2094","targetHints":{"allow":["GET"]}}],"collection":[{"href":"https:\/\/seawell.com\/da\/wp-json\/wp\/v2\/pages"}],"about":[{"href":"https:\/\/seawell.com\/da\/wp-json\/wp\/v2\/types\/page"}],"author":[{"embeddable":true,"href":"https:\/\/seawell.com\/da\/wp-json\/wp\/v2\/users\/1"}],"replies":[{"embeddable":true,"href":"https:\/\/seawell.com\/da\/wp-json\/wp\/v2\/comments?post=2094"}],"version-history":[{"count":56,"href":"https:\/\/seawell.com\/da\/wp-json\/wp\/v2\/pages\/2094\/revisions"}],"predecessor-version":[{"id":11407,"href":"https:\/\/seawell.com\/da\/wp-json\/wp\/v2\/pages\/2094\/revisions\/11407"}],"up":[{"embeddable":true,"href":"https:\/\/seawell.com\/da\/wp-json\/wp\/v2\/pages\/2098"}],"wp:featuredmedia":[{"embeddable":true,"href":"https:\/\/seawell.com\/da\/wp-json\/wp\/v2\/media\/4618"}],"wp:attachment":[{"href":"https:\/\/seawell.com\/da\/wp-json\/wp\/v2\/media?parent=2094"}],"curies":[{"name":"wp","href":"https:\/\/api.w.org\/{rel}","templated":true}]}}