{"id":2098,"date":"2023-11-03T08:30:57","date_gmt":"2023-11-03T07:30:57","guid":{"rendered":"https:\/\/seawell.com\/produkter\/"},"modified":"2024-11-29T12:53:11","modified_gmt":"2024-11-29T11:53:11","slug":"produkter","status":"publish","type":"page","link":"https:\/\/seawell.com\/da\/produkter\/","title":{"rendered":"Produkter"},"content":{"rendered":"\t\t<div data-elementor-type=\"wp-page\" data-elementor-id=\"2098\" class=\"elementor elementor-2098 elementor-778\" data-elementor-post-type=\"page\">\n\t\t\t\t<div class=\"elementor-element elementor-element-8595dbf e-flex e-con-boxed e-con e-parent\" data-id=\"8595dbf\" data-element_type=\"container\" data-e-type=\"container\">\n\t\t\t\t\t<div class=\"e-con-inner\">\n\t\t\t\t<div class=\"elementor-element elementor-element-c346ef2 elementor-widget elementor-widget-heading\" data-id=\"c346ef2\" data-element_type=\"widget\" data-e-type=\"widget\" data-widget_type=\"heading.default\">\n\t\t\t\t<div class=\"elementor-widget-container\">\n\t\t\t\t\t<h2 class=\"elementor-heading-title elementor-size-default\">Vores produkter<\/h2>\t\t\t\t<\/div>\n\t\t\t\t<\/div>\n\t\t\t\t<div class=\"elementor-element elementor-element-f3c4bf6 elementor-widget__width-initial elementor-widget-mobile__width-initial elementor-widget elementor-widget-text-editor\" data-id=\"f3c4bf6\" data-element_type=\"widget\" data-e-type=\"widget\" data-widget_type=\"text-editor.default\">\n\t\t\t\t<div class=\"elementor-widget-container\">\n\t\t\t\t\t\t\t\t\t<p>Vi tilbyder et bredt sortiment af fisk og skaldyr fra Skandinavien.\u00a0<br \/><span style=\"color: var( --e-global-color-text ); font-family: var( --e-global-typography-text-font-family ), Sans-serif;\"><br \/><\/span>Hvilken produkttype s\u00f8ger du?<\/p>\t\t\t\t\t\t\t\t<\/div>\n\t\t\t\t<\/div>\n\t\t\t\t\t<\/div>\n\t\t\t\t<\/div>\n\t\t<div class=\"elementor-element elementor-element-e6aa6e1 e-con-full e-flex e-con e-child\" data-id=\"e6aa6e1\" data-element_type=\"container\" data-e-type=\"container\" data-settings=\"{&quot;background_background&quot;:&quot;classic&quot;,&quot;animation&quot;:&quot;none&quot;}\">\n\t\t<div class=\"elementor-element elementor-element-ee1960e e-con-full products-container animated-slow e-flex elementor-invisible e-con e-child\" data-id=\"ee1960e\" data-element_type=\"container\" data-e-type=\"container\" data-settings=\"{&quot;background_background&quot;:&quot;classic&quot;,&quot;animation&quot;:&quot;fadeInUp&quot;,&quot;animation_delay&quot;:0}\">\n\t\t<div class=\"elementor-element elementor-element-e92549c e-flex e-con-boxed e-con e-child\" data-id=\"e92549c\" data-element_type=\"container\" data-e-type=\"container\">\n\t\t\t\t\t<div class=\"e-con-inner\">\n\t\t\t\t<div class=\"elementor-element elementor-element-5c214eb elementor-widget__width-auto elementor-widget elementor-widget-heading\" data-id=\"5c214eb\" data-element_type=\"widget\" data-e-type=\"widget\" data-widget_type=\"heading.default\">\n\t\t\t\t<div class=\"elementor-widget-container\">\n\t\t\t\t\t<h2 class=\"elementor-heading-title elementor-size-default\">Jomfru&shy;hummer<\/h2>\t\t\t\t<\/div>\n\t\t\t\t<\/div>\n\t\t\t\t\t<\/div>\n\t\t\t\t<\/div>\n\t\t\t\t<div class=\"elementor-element elementor-element-18872b5 elementor-widget elementor-widget-button\" data-id=\"18872b5\" data-element_type=\"widget\" data-e-type=\"widget\" data-widget_type=\"button.default\">\n\t\t\t\t<div class=\"elementor-widget-container\">\n\t\t\t\t\t\t\t\t\t<div class=\"elementor-button-wrapper\">\n\t\t\t\t\t<a class=\"elementor-button elementor-button-link elementor-size-sm\" href=\"https:\/\/seawell.com\/da\/produkter\/jomfruhummer\/\">\n\t\t\t\t\t\t<span class=\"elementor-button-content-wrapper\">\n\t\t\t\t\t\t\t\t\t<span class=\"elementor-button-text\">L\u00e6s mere<\/span>\n\t\t\t\t\t<\/span>\n\t\t\t\t\t<\/a>\n\t\t\t\t<\/div>\n\t\t\t\t\t\t\t\t<\/div>\n\t\t\t\t<\/div>\n\t\t\t\t<\/div>\n\t\t<div class=\"elementor-element elementor-element-6e925e5 e-con-full products-container animated-slow e-flex elementor-invisible e-con e-child\" data-id=\"6e925e5\" data-element_type=\"container\" data-e-type=\"container\" data-settings=\"{&quot;background_background&quot;:&quot;classic&quot;,&quot;animation&quot;:&quot;fadeInUp&quot;,&quot;animation_delay&quot;:700}\">\n\t\t<div class=\"elementor-element elementor-element-fa7dad1 e-flex e-con-boxed e-con e-child\" data-id=\"fa7dad1\" data-element_type=\"container\" data-e-type=\"container\">\n\t\t\t\t\t<div class=\"e-con-inner\">\n\t\t\t\t<div class=\"elementor-element elementor-element-0da9773 elementor-widget__width-initial elementor-widget elementor-widget-heading\" data-id=\"0da9773\" data-element_type=\"widget\" data-e-type=\"widget\" data-widget_type=\"heading.default\">\n\t\t\t\t<div class=\"elementor-widget-container\">\n\t\t\t\t\t<h2 class=\"elementor-heading-title elementor-size-default\">Laks<\/h2>\t\t\t\t<\/div>\n\t\t\t\t<\/div>\n\t\t\t\t\t<\/div>\n\t\t\t\t<\/div>\n\t\t\t\t<div class=\"elementor-element elementor-element-917652c elementor-widget elementor-widget-button\" data-id=\"917652c\" data-element_type=\"widget\" data-e-type=\"widget\" data-widget_type=\"button.default\">\n\t\t\t\t<div class=\"elementor-widget-container\">\n\t\t\t\t\t\t\t\t\t<div class=\"elementor-button-wrapper\">\n\t\t\t\t\t<a class=\"elementor-button elementor-button-link elementor-size-sm\" href=\"https:\/\/seawell.com\/da\/produkter\/laks\/\">\n\t\t\t\t\t\t<span class=\"elementor-button-content-wrapper\">\n\t\t\t\t\t\t\t\t\t<span class=\"elementor-button-text\">L\u00e6s mere<\/span>\n\t\t\t\t\t<\/span>\n\t\t\t\t\t<\/a>\n\t\t\t\t<\/div>\n\t\t\t\t\t\t\t\t<\/div>\n\t\t\t\t<\/div>\n\t\t\t\t<\/div>\n\t\t<div class=\"elementor-element elementor-element-72b7f1d e-con-full products-container animated-slow e-flex elementor-invisible e-con e-child\" data-id=\"72b7f1d\" data-element_type=\"container\" data-e-type=\"container\" data-settings=\"{&quot;background_background&quot;:&quot;classic&quot;,&quot;animation&quot;:&quot;fadeInUp&quot;,&quot;animation_delay&quot;:1400}\">\n\t\t<div class=\"elementor-element elementor-element-8186fec e-flex e-con-boxed e-con e-child\" data-id=\"8186fec\" data-element_type=\"container\" data-e-type=\"container\">\n\t\t\t\t\t<div class=\"e-con-inner\">\n\t\t\t\t<div class=\"elementor-element elementor-element-7f5cb71 elementor-widget elementor-widget-heading\" data-id=\"7f5cb71\" data-element_type=\"widget\" data-e-type=\"widget\" data-widget_type=\"heading.default\">\n\t\t\t\t<div class=\"elementor-widget-container\">\n\t\t\t\t\t<h2 class=\"elementor-heading-title elementor-size-default\">Hvidfisk<\/h2>\t\t\t\t<\/div>\n\t\t\t\t<\/div>\n\t\t\t\t<div class=\"elementor-element elementor-element-c3af667 elementor-widget elementor-widget-text-editor\" data-id=\"c3af667\" data-element_type=\"widget\" data-e-type=\"widget\" data-widget_type=\"text-editor.default\">\n\t\t\t\t<div class=\"elementor-widget-container\">\n\t\t\t\t\t\t\t\t\t<p>Havtaske, pighvar, s\u00f8tunge, r\u00f8dtunge, torsk, helleflynder, kulmule, m\u00f8rksej, kuller, bl\u00e6ksprutte, kammusling mm.\u00a0<\/p>\t\t\t\t\t\t\t\t<\/div>\n\t\t\t\t<\/div>\n\t\t\t\t\t<\/div>\n\t\t\t\t<\/div>\n\t\t\t\t<div class=\"elementor-element elementor-element-9b68f84 elementor-widget elementor-widget-button\" data-id=\"9b68f84\" data-element_type=\"widget\" data-e-type=\"widget\" data-widget_type=\"button.default\">\n\t\t\t\t<div class=\"elementor-widget-container\">\n\t\t\t\t\t\t\t\t\t<div class=\"elementor-button-wrapper\">\n\t\t\t\t\t<a class=\"elementor-button elementor-button-link elementor-size-sm\" href=\"https:\/\/seawell.com\/da\/produkter\/hvidfisk\/\">\n\t\t\t\t\t\t<span class=\"elementor-button-content-wrapper\">\n\t\t\t\t\t\t\t\t\t<span class=\"elementor-button-text\">L\u00e6s mere<\/span>\n\t\t\t\t\t<\/span>\n\t\t\t\t\t<\/a>\n\t\t\t\t<\/div>\n\t\t\t\t\t\t\t\t<\/div>\n\t\t\t\t<\/div>\n\t\t\t\t<\/div>\n\t\t<div class=\"elementor-element elementor-element-279e16f e-con-full products-container animated-slow e-flex elementor-invisible e-con e-child\" data-id=\"279e16f\" data-element_type=\"container\" data-e-type=\"container\" data-settings=\"{&quot;background_background&quot;:&quot;classic&quot;,&quot;animation&quot;:&quot;fadeInUp&quot;,&quot;animation_delay&quot;:2100}\">\n\t\t<div class=\"elementor-element elementor-element-20eb113 e-flex e-con-boxed e-con e-child\" data-id=\"20eb113\" data-element_type=\"container\" data-e-type=\"container\">\n\t\t\t\t\t<div class=\"e-con-inner\">\n\t\t\t\t<div class=\"elementor-element elementor-element-1246fe2 elementor-widget elementor-widget-heading\" data-id=\"1246fe2\" data-element_type=\"widget\" data-e-type=\"widget\" data-widget_type=\"heading.default\">\n\t\t\t\t<div class=\"elementor-widget-container\">\n\t\t\t\t\t<h2 class=\"elementor-heading-title elementor-size-default\">R\u00f8get fisk<\/h2>\t\t\t\t<\/div>\n\t\t\t\t<\/div>\n\t\t\t\t\t<\/div>\n\t\t\t\t<\/div>\n\t\t\t\t<div class=\"elementor-element elementor-element-247ea22 elementor-widget elementor-widget-button\" data-id=\"247ea22\" data-element_type=\"widget\" data-e-type=\"widget\" data-widget_type=\"button.default\">\n\t\t\t\t<div class=\"elementor-widget-container\">\n\t\t\t\t\t\t\t\t\t<div class=\"elementor-button-wrapper\">\n\t\t\t\t\t<a class=\"elementor-button elementor-button-link elementor-size-sm\" href=\"https:\/\/seawell.com\/da\/produkter\/roeget-fisk\/\">\n\t\t\t\t\t\t<span class=\"elementor-button-content-wrapper\">\n\t\t\t\t\t\t\t\t\t<span class=\"elementor-button-text\">L\u00e6s mere<\/span>\n\t\t\t\t\t<\/span>\n\t\t\t\t\t<\/a>\n\t\t\t\t<\/div>\n\t\t\t\t\t\t\t\t<\/div>\n\t\t\t\t<\/div>\n\t\t\t\t<\/div>\n\t\t\t\t<\/div>\n\t\t\t\t<\/div>\n\t\t","protected":false},"excerpt":{"rendered":"<p>Vores produkter Vi tilbyder et bredt sortiment af fisk og skaldyr fra Skandinavien.\u00a0 Hvilken produkttype s\u00f8ger du? Jomfru&shy;hummer L\u00e6s mere Laks L\u00e6s mere Hvidfisk Havtaske, pighvar, s\u00f8tunge, r\u00f8dtunge, torsk, helleflynder, kulmule, m\u00f8rksej, kuller, bl\u00e6ksprutte, kammusling mm.\u00a0 L\u00e6s mere R\u00f8get fisk L\u00e6s mere<\/p>\n","protected":false},"author":1,"featured_media":0,"parent":0,"menu_order":0,"comment_status":"closed","ping_status":"closed","template":"","meta":{"_acf_changed":false,"footnotes":""},"class_list":["post-2098","page","type-page","status-publish","hentry"],"acf":[],"yoast_head":"<!-- This site is optimized with the Yoast SEO plugin v27.4 - https:\/\/yoast.com\/product\/yoast-seo-wordpress\/ -->\n<title>Produkter - Seawell<\/title>\n<meta name=\"robots\" content=\"index, follow, max-snippet:-1, max-image-preview:large, max-video-preview:-1\" \/>\n<link rel=\"canonical\" href=\"https:\/\/seawell.com\/products\/\" \/>\n<meta property=\"og:locale\" content=\"da_DK\" \/>\n<meta property=\"og:type\" content=\"article\" \/>\n<meta property=\"og:title\" content=\"Produkter - Seawell\" \/>\n<meta property=\"og:description\" content=\"Vores produkter Vi tilbyder et bredt sortiment af fisk og skaldyr fra Skandinavien.\u00a0 Hvilken produkttype s\u00f8ger du? Jomfru&shy;hummer L\u00e6s mere Laks L\u00e6s mere Hvidfisk Havtaske, pighvar, s\u00f8tunge, r\u00f8dtunge, torsk, helleflynder, kulmule, m\u00f8rksej, kuller, bl\u00e6ksprutte, kammusling mm.\u00a0 L\u00e6s mere R\u00f8get fisk L\u00e6s mere\" \/>\n<meta property=\"og:url\" content=\"https:\/\/seawell.com\/products\/\" \/>\n<meta property=\"og:site_name\" content=\"Seawell\" \/>\n<meta property=\"article:modified_time\" content=\"2024-11-29T11:53:11+00:00\" \/>\n<meta property=\"og:image\" content=\"https:\/\/seawell.com\/wp-content\/uploads\/Seawell-AS_uden-baggrund.png\" \/>\n\t<meta property=\"og:image:width\" content=\"706\" \/>\n\t<meta property=\"og:image:height\" content=\"441\" \/>\n\t<meta property=\"og:image:type\" content=\"image\/png\" \/>\n<meta name=\"twitter:card\" content=\"summary_large_image\" \/>\n<meta name=\"twitter:label1\" content=\"Estimeret l\u00e6setid\" \/>\n\t<meta name=\"twitter:data1\" content=\"1 minut\" \/>\n<script type=\"application\/ld+json\" class=\"yoast-schema-graph\">{\"@context\":\"https:\\\/\\\/schema.org\",\"@graph\":[{\"@type\":\"WebPage\",\"@id\":\"https:\\\/\\\/seawell.com\\\/products\\\/\",\"url\":\"https:\\\/\\\/seawell.com\\\/products\\\/\",\"name\":\"Produkter - Seawell\",\"isPartOf\":{\"@id\":\"https:\\\/\\\/seawell.com\\\/#website\"},\"datePublished\":\"2023-11-03T07:30:57+00:00\",\"dateModified\":\"2024-11-29T11:53:11+00:00\",\"breadcrumb\":{\"@id\":\"https:\\\/\\\/seawell.com\\\/products\\\/#breadcrumb\"},\"inLanguage\":\"da-DK\",\"potentialAction\":[{\"@type\":\"ReadAction\",\"target\":[\"https:\\\/\\\/seawell.com\\\/products\\\/\"]}]},{\"@type\":\"BreadcrumbList\",\"@id\":\"https:\\\/\\\/seawell.com\\\/products\\\/#breadcrumb\",\"itemListElement\":[{\"@type\":\"ListItem\",\"position\":1,\"name\":\"Home\",\"item\":\"https:\\\/\\\/seawell.com\\\/da\\\/\"},{\"@type\":\"ListItem\",\"position\":2,\"name\":\"Produkter\"}]},{\"@type\":\"WebSite\",\"@id\":\"https:\\\/\\\/seawell.com\\\/#website\",\"url\":\"https:\\\/\\\/seawell.com\\\/\",\"name\":\"Seawell\",\"description\":\"\",\"publisher\":{\"@id\":\"https:\\\/\\\/seawell.com\\\/#organization\"},\"alternateName\":\"Seawell\",\"potentialAction\":[{\"@type\":\"SearchAction\",\"target\":{\"@type\":\"EntryPoint\",\"urlTemplate\":\"https:\\\/\\\/seawell.com\\\/?s={search_term_string}\"},\"query-input\":{\"@type\":\"PropertyValueSpecification\",\"valueRequired\":true,\"valueName\":\"search_term_string\"}}],\"inLanguage\":\"da-DK\"},{\"@type\":\"Organization\",\"@id\":\"https:\\\/\\\/seawell.com\\\/#organization\",\"name\":\"Seawell A\\\/S\",\"alternateName\":\"Seawell\",\"url\":\"https:\\\/\\\/seawell.com\\\/\",\"logo\":{\"@type\":\"ImageObject\",\"inLanguage\":\"da-DK\",\"@id\":\"https:\\\/\\\/seawell.com\\\/#\\\/schema\\\/logo\\\/image\\\/\",\"url\":\"http:\\\/\\\/seawell.com\\\/wp-content\\\/uploads\\\/Seawell-AS-logo_groen_uden-baggrund.png\",\"contentUrl\":\"http:\\\/\\\/seawell.com\\\/wp-content\\\/uploads\\\/Seawell-AS-logo_groen_uden-baggrund.png\",\"width\":706,\"height\":441,\"caption\":\"Seawell A\\\/S\"},\"image\":{\"@id\":\"https:\\\/\\\/seawell.com\\\/#\\\/schema\\\/logo\\\/image\\\/\"}}]}<\/script>\n<!-- \/ Yoast SEO plugin. -->","yoast_head_json":{"title":"Produkter - Seawell","robots":{"index":"index","follow":"follow","max-snippet":"max-snippet:-1","max-image-preview":"max-image-preview:large","max-video-preview":"max-video-preview:-1"},"canonical":"https:\/\/seawell.com\/products\/","og_locale":"da_DK","og_type":"article","og_title":"Produkter - Seawell","og_description":"Vores produkter Vi tilbyder et bredt sortiment af fisk og skaldyr fra Skandinavien.\u00a0 Hvilken produkttype s\u00f8ger du? Jomfru&shy;hummer L\u00e6s mere Laks L\u00e6s mere Hvidfisk Havtaske, pighvar, s\u00f8tunge, r\u00f8dtunge, torsk, helleflynder, kulmule, m\u00f8rksej, kuller, bl\u00e6ksprutte, kammusling mm.\u00a0 L\u00e6s mere R\u00f8get fisk L\u00e6s mere","og_url":"https:\/\/seawell.com\/products\/","og_site_name":"Seawell","article_modified_time":"2024-11-29T11:53:11+00:00","og_image":[{"width":706,"height":441,"url":"https:\/\/seawell.com\/wp-content\/uploads\/Seawell-AS_uden-baggrund.png","type":"image\/png"}],"twitter_card":"summary_large_image","twitter_misc":{"Estimeret l\u00e6setid":"1 minut"},"schema":{"@context":"https:\/\/schema.org","@graph":[{"@type":"WebPage","@id":"https:\/\/seawell.com\/products\/","url":"https:\/\/seawell.com\/products\/","name":"Produkter - Seawell","isPartOf":{"@id":"https:\/\/seawell.com\/#website"},"datePublished":"2023-11-03T07:30:57+00:00","dateModified":"2024-11-29T11:53:11+00:00","breadcrumb":{"@id":"https:\/\/seawell.com\/products\/#breadcrumb"},"inLanguage":"da-DK","potentialAction":[{"@type":"ReadAction","target":["https:\/\/seawell.com\/products\/"]}]},{"@type":"BreadcrumbList","@id":"https:\/\/seawell.com\/products\/#breadcrumb","itemListElement":[{"@type":"ListItem","position":1,"name":"Home","item":"https:\/\/seawell.com\/da\/"},{"@type":"ListItem","position":2,"name":"Produkter"}]},{"@type":"WebSite","@id":"https:\/\/seawell.com\/#website","url":"https:\/\/seawell.com\/","name":"Seawell","description":"","publisher":{"@id":"https:\/\/seawell.com\/#organization"},"alternateName":"Seawell","potentialAction":[{"@type":"SearchAction","target":{"@type":"EntryPoint","urlTemplate":"https:\/\/seawell.com\/?s={search_term_string}"},"query-input":{"@type":"PropertyValueSpecification","valueRequired":true,"valueName":"search_term_string"}}],"inLanguage":"da-DK"},{"@type":"Organization","@id":"https:\/\/seawell.com\/#organization","name":"Seawell A\/S","alternateName":"Seawell","url":"https:\/\/seawell.com\/","logo":{"@type":"ImageObject","inLanguage":"da-DK","@id":"https:\/\/seawell.com\/#\/schema\/logo\/image\/","url":"https:\/\/seawell.com\/wp-content\/uploads\/Seawell-AS-logo_groen_uden-baggrund.png","contentUrl":"https:\/\/seawell.com\/wp-content\/uploads\/Seawell-AS-logo_groen_uden-baggrund.png","width":706,"height":441,"caption":"Seawell A\/S"},"image":{"@id":"https:\/\/seawell.com\/#\/schema\/logo\/image\/"}}]}},"_links":{"self":[{"href":"https:\/\/seawell.com\/da\/wp-json\/wp\/v2\/pages\/2098","targetHints":{"allow":["GET"]}}],"collection":[{"href":"https:\/\/seawell.com\/da\/wp-json\/wp\/v2\/pages"}],"about":[{"href":"https:\/\/seawell.com\/da\/wp-json\/wp\/v2\/types\/page"}],"author":[{"embeddable":true,"href":"https:\/\/seawell.com\/da\/wp-json\/wp\/v2\/users\/1"}],"replies":[{"embeddable":true,"href":"https:\/\/seawell.com\/da\/wp-json\/wp\/v2\/comments?post=2098"}],"version-history":[{"count":22,"href":"https:\/\/seawell.com\/da\/wp-json\/wp\/v2\/pages\/2098\/revisions"}],"predecessor-version":[{"id":11441,"href":"https:\/\/seawell.com\/da\/wp-json\/wp\/v2\/pages\/2098\/revisions\/11441"}],"wp:attachment":[{"href":"https:\/\/seawell.com\/da\/wp-json\/wp\/v2\/media?parent=2098"}],"curies":[{"name":"wp","href":"https:\/\/api.w.org\/{rel}","templated":true}]}}